{"id":2877,"date":"2021-05-31T11:31:48","date_gmt":"2021-05-31T09:31:48","guid":{"rendered":"https:\/\/r3dcustom.com\/?page_id=2877"},"modified":"2022-08-28T21:39:23","modified_gmt":"2022-08-28T19:39:23","slug":"le-bronze","status":"publish","type":"page","link":"https:\/\/r3dcustom.com\/en\/le-bronze\/","title":{"rendered":"Le Bronze"},"content":{"rendered":"<div data-elementor-type=\"wp-page\" data-elementor-id=\"2877\" class=\"elementor elementor-2877\">\n\t\t\t\t\t\t<section class=\"elementor-section elementor-top-section elementor-element elementor-element-7f017641 elementor-section-content-middle elementor-section-boxed elementor-section-height-default elementor-section-height-default\" data-id=\"7f017641\" data-element_type=\"section\" data-e-type=\"section\" data-settings=\"{&quot;background_background&quot;:&quot;classic&quot;}\">\n\t\t\t\t\t\t<div class=\"elementor-container elementor-column-gap-no\">\n\t\t\t\t\t<div class=\"elementor-column elementor-col-33 elementor-top-column elementor-element elementor-element-141db7f9\" data-id=\"141db7f9\" data-element_type=\"column\" data-e-type=\"column\">\n\t\t\t<div class=\"elementor-widget-wrap elementor-element-populated\">\n\t\t\t\t\t\t<div class=\"elementor-element elementor-element-157c9163 elementor-widget elementor-widget-heading\" data-id=\"157c9163\" data-element_type=\"widget\" data-e-type=\"widget\" data-widget_type=\"heading.default\">\n\t\t\t\t<div class=\"elementor-widget-container\">\n\t\t\t\t\t<h3 class=\"elementor-heading-title elementor-size-default translation-block\">Bronze!\nFor strong and durable pieces!<\/h3>\t\t\t\t<\/div>\n\t\t\t\t<\/div>\n\t\t\t\t\t<\/div>\n\t\t<\/div>\n\t\t\t\t<div class=\"elementor-column elementor-col-33 elementor-top-column elementor-element elementor-element-70ec8ca5\" data-id=\"70ec8ca5\" data-element_type=\"column\" data-e-type=\"column\">\n\t\t\t<div class=\"elementor-widget-wrap elementor-element-populated\">\n\t\t\t\t\t\t<div class=\"elementor-element elementor-element-14062ef6 elementor-widget elementor-widget-image\" data-id=\"14062ef6\" data-element_type=\"widget\" data-e-type=\"widget\" data-widget_type=\"image.default\">\n\t\t\t\t<div class=\"elementor-widget-container\">\n\t\t\t\t\t\t\t\t\t\t\t\t\t\t\t<img fetchpriority=\"high\" decoding=\"async\" width=\"429\" height=\"480\" src=\"https:\/\/r3dcustom.com\/wp-content\/uploads\/2021\/05\/IMG_0808-1.jpg\" class=\"elementor-animation-grow attachment-full size-full wp-image-2896\" alt=\"Pomme en bronze\" srcset=\"https:\/\/r3dcustom.com\/wp-content\/uploads\/2021\/05\/IMG_0808-1.jpg 429w, https:\/\/r3dcustom.com\/wp-content\/uploads\/2021\/05\/IMG_0808-1-268x300.jpg 268w\" sizes=\"(max-width: 429px) 100vw, 429px\" \/>\t\t\t\t\t\t\t\t\t\t\t\t\t\t\t<\/div>\n\t\t\t\t<\/div>\n\t\t\t\t<div class=\"elementor-element elementor-element-752b7603 elementor-widget elementor-widget-text-editor\" data-id=\"752b7603\" data-element_type=\"widget\" data-e-type=\"widget\" data-widget_type=\"text-editor.default\">\n\t\t\t\t<div class=\"elementor-widget-container\">\n\t\t\t\t\t\t\t\t\t<p>Artiste: C\u00e9cile Dekock<\/p>\t\t\t\t\t\t\t\t<\/div>\n\t\t\t\t<\/div>\n\t\t\t\t\t<\/div>\n\t\t<\/div>\n\t\t\t\t<div class=\"elementor-column elementor-col-33 elementor-top-column elementor-element elementor-element-355fbc56\" data-id=\"355fbc56\" data-element_type=\"column\" data-e-type=\"column\">\n\t\t\t<div class=\"elementor-widget-wrap elementor-element-populated\">\n\t\t\t\t\t\t<div class=\"elementor-element elementor-element-59d65640 elementor-widget elementor-widget-image\" data-id=\"59d65640\" data-element_type=\"widget\" data-e-type=\"widget\" data-widget_type=\"image.default\">\n\t\t\t\t<div class=\"elementor-widget-container\">\n\t\t\t\t\t\t\t\t\t\t\t\t\t\t\t<img decoding=\"async\" width=\"450\" height=\"600\" src=\"https:\/\/r3dcustom.com\/wp-content\/uploads\/2021\/05\/Cecile-dekock.jpg\" class=\"elementor-animation-grow attachment-full size-full wp-image-2897\" alt=\"Bronze polie\" srcset=\"https:\/\/r3dcustom.com\/wp-content\/uploads\/2021\/05\/Cecile-dekock.jpg 450w, https:\/\/r3dcustom.com\/wp-content\/uploads\/2021\/05\/Cecile-dekock-225x300.jpg 225w\" sizes=\"(max-width: 450px) 100vw, 450px\" \/>\t\t\t\t\t\t\t\t\t\t\t\t\t\t\t<\/div>\n\t\t\t\t<\/div>\n\t\t\t\t\t<\/div>\n\t\t<\/div>\n\t\t\t\t\t<\/div>\n\t\t<\/section>\n\t\t\t\t<section class=\"elementor-section elementor-top-section elementor-element elementor-element-77926810 elementor-section-full_width elementor-section-content-middle elementor-section-height-default elementor-section-height-default\" data-id=\"77926810\" data-element_type=\"section\" data-e-type=\"section\" data-settings=\"{&quot;background_background&quot;:&quot;classic&quot;}\">\n\t\t\t\t\t\t<div class=\"elementor-container elementor-column-gap-no\">\n\t\t\t\t\t<div class=\"elementor-column elementor-col-50 elementor-top-column elementor-element elementor-element-2a2fc310\" data-id=\"2a2fc310\" data-element_type=\"column\" data-e-type=\"column\" data-settings=\"{&quot;background_background&quot;:&quot;classic&quot;}\">\n\t\t\t<div class=\"elementor-widget-wrap elementor-element-populated\">\n\t\t\t\t\t<div class=\"elementor-background-overlay\"><\/div>\n\t\t\t\t\t\t<div class=\"elementor-element elementor-element-51d41a8c elementor-widget-mobile__width-inherit elementor-widget elementor-widget-heading\" data-id=\"51d41a8c\" data-element_type=\"widget\" data-e-type=\"widget\" data-widget_type=\"heading.default\">\n\t\t\t\t<div class=\"elementor-widget-container\">\n\t\t\t\t\t<h4 class=\"elementor-heading-title elementor-size-default\">R3D Custom offers to convert or imagine any object in bronze!<\/h4>\t\t\t\t<\/div>\n\t\t\t\t<\/div>\n\t\t\t\t\t<\/div>\n\t\t<\/div>\n\t\t\t\t<div class=\"elementor-column elementor-col-50 elementor-top-column elementor-element elementor-element-303ddc6a\" data-id=\"303ddc6a\" data-element_type=\"column\" data-e-type=\"column\">\n\t\t\t<div class=\"elementor-widget-wrap elementor-element-populated\">\n\t\t\t\t\t\t<div class=\"elementor-element elementor-element-7e974b1 elementor-widget elementor-widget-text-editor\" data-id=\"7e974b1\" data-element_type=\"widget\" data-e-type=\"widget\" data-widget_type=\"text-editor.default\">\n\t\t\t\t<div class=\"elementor-widget-container\">\n\t\t\t\t\t\t\t\t\t<h3><span style=\"color: #ffffff;\">Our modeling service, based on the latest 3D scanning and photogrammetry technologies, allows us to create 3D images of all types of objects.<\/span><\/h3>\t\t\t\t\t\t\t\t<\/div>\n\t\t\t\t<\/div>\n\t\t\t\t<div class=\"elementor-element elementor-element-47fa5abc elementor-widget elementor-widget-text-editor\" data-id=\"47fa5abc\" data-element_type=\"widget\" data-e-type=\"widget\" data-widget_type=\"text-editor.default\">\n\t\t\t\t<div class=\"elementor-widget-container\">\n\t\t\t\t\t\t\t\t\t<h2>We can enlarge, reduce, or modify shapes as needed.<\/h2>\t\t\t\t\t\t\t\t<\/div>\n\t\t\t\t<\/div>\n\t\t\t\t<div class=\"elementor-element elementor-element-56b39062 elementor-widget elementor-widget-text-editor\" data-id=\"56b39062\" data-element_type=\"widget\" data-e-type=\"widget\" data-widget_type=\"text-editor.default\">\n\t\t\t\t<div class=\"elementor-widget-container\">\n\t\t\t\t\t\t\t\t\t<h5 class=\" translation-block\">We can enlarge, reduce, or modify shapes as needed.\nOnce the design is complete, we can print using tailored settings. Our expertise in composite materials allows us to create parts of infinite size.\nWe can also print directly in castable materials (like wax), avoiding the need for elastomer molds, simplifying storage, and reducing degradation risks.<\/h5>\t\t\t\t\t\t\t\t<\/div>\n\t\t\t\t<\/div>\n\t\t\t\t\t<\/div>\n\t\t<\/div>\n\t\t\t\t\t<\/div>\n\t\t<\/section>\n\t\t\t\t<section class=\"elementor-section elementor-top-section elementor-element elementor-element-3fd8cbdb elementor-section-content-middle elementor-section-boxed elementor-section-height-default elementor-section-height-default\" data-id=\"3fd8cbdb\" data-element_type=\"section\" data-e-type=\"section\" data-settings=\"{&quot;background_background&quot;:&quot;classic&quot;}\">\n\t\t\t\t\t\t<div class=\"elementor-container elementor-column-gap-no\">\n\t\t\t\t\t<div class=\"elementor-column elementor-col-33 elementor-top-column elementor-element elementor-element-45f007ae\" data-id=\"45f007ae\" data-element_type=\"column\" data-e-type=\"column\">\n\t\t\t<div class=\"elementor-widget-wrap elementor-element-populated\">\n\t\t\t\t\t\t<div class=\"elementor-element elementor-element-2407c79a elementor-widget elementor-widget-heading\" data-id=\"2407c79a\" data-element_type=\"widget\" data-e-type=\"widget\" data-widget_type=\"heading.default\">\n\t\t\t\t<div class=\"elementor-widget-container\">\n\t\t\t\t\t<h3 class=\"elementor-heading-title elementor-size-default\">Fabrication of a Bronze Apple <\/h3>\t\t\t\t<\/div>\n\t\t\t\t<\/div>\n\t\t\t\t<div class=\"elementor-element elementor-element-1590ffdb elementor-widget elementor-widget-image\" data-id=\"1590ffdb\" data-element_type=\"widget\" data-e-type=\"widget\" data-widget_type=\"image.default\">\n\t\t\t\t<div class=\"elementor-widget-container\">\n\t\t\t\t\t\t\t\t\t\t\t\t\t\t\t<img decoding=\"async\" width=\"150\" height=\"150\" src=\"https:\/\/r3dcustom.com\/wp-content\/uploads\/2021\/05\/pomme-reel-150x150.jpg\" class=\"elementor-animation-grow attachment-thumbnail size-thumbnail wp-image-2891\" alt=\"\" srcset=\"https:\/\/r3dcustom.com\/wp-content\/uploads\/2021\/05\/pomme-reel-150x150.jpg 150w, https:\/\/r3dcustom.com\/wp-content\/uploads\/2021\/05\/pomme-reel.jpg 294w\" sizes=\"(max-width: 150px) 100vw, 150px\" \/>\t\t\t\t\t\t\t\t\t\t\t\t\t\t\t<\/div>\n\t\t\t\t<\/div>\n\t\t\t\t\t<\/div>\n\t\t<\/div>\n\t\t\t\t<div class=\"elementor-column elementor-col-33 elementor-top-column elementor-element elementor-element-6d1c254\" data-id=\"6d1c254\" data-element_type=\"column\" data-e-type=\"column\">\n\t\t\t<div class=\"elementor-widget-wrap elementor-element-populated\">\n\t\t\t\t\t\t<div class=\"elementor-element elementor-element-5375fe37 elementor-widget elementor-widget-image\" data-id=\"5375fe37\" data-element_type=\"widget\" data-e-type=\"widget\" data-widget_type=\"image.default\">\n\t\t\t\t<div class=\"elementor-widget-container\">\n\t\t\t\t\t\t\t\t\t\t\t\t\t\t\t<img loading=\"lazy\" decoding=\"async\" width=\"300\" height=\"300\" src=\"https:\/\/r3dcustom.com\/wp-content\/uploads\/2021\/06\/pomme-design-300x300.jpg\" class=\"elementor-animation-grow attachment-medium size-medium wp-image-3026\" alt=\"Pomme bronze\" srcset=\"https:\/\/r3dcustom.com\/wp-content\/uploads\/2021\/06\/pomme-design-300x300.jpg 300w, https:\/\/r3dcustom.com\/wp-content\/uploads\/2021\/06\/pomme-design-150x150.jpg 150w, https:\/\/r3dcustom.com\/wp-content\/uploads\/2021\/06\/pomme-design.jpg 699w\" sizes=\"(max-width: 300px) 100vw, 300px\" \/>\t\t\t\t\t\t\t\t\t\t\t\t\t\t\t<\/div>\n\t\t\t\t<\/div>\n\t\t\t\t<div class=\"elementor-element elementor-element-59560f1c elementor-widget elementor-widget-text-editor\" data-id=\"59560f1c\" data-element_type=\"widget\" data-e-type=\"widget\" data-widget_type=\"text-editor.default\">\n\t\t\t\t<div class=\"elementor-widget-container\">\n\t\t\t\t\t\t\t\t\t<p><span style=\"color: #ffffff;\">Generally, we smooth the surface with conventional wax, which is fully compatible with our castable material.<\/span><\/p>\t\t\t\t\t\t\t\t<\/div>\n\t\t\t\t<\/div>\n\t\t\t\t\t<\/div>\n\t\t<\/div>\n\t\t\t\t<div class=\"elementor-column elementor-col-33 elementor-top-column elementor-element elementor-element-a4309ba\" data-id=\"a4309ba\" data-element_type=\"column\" data-e-type=\"column\">\n\t\t\t<div class=\"elementor-widget-wrap elementor-element-populated\">\n\t\t\t\t\t\t<div class=\"elementor-element elementor-element-4d2332f7 elementor-widget elementor-widget-image\" data-id=\"4d2332f7\" data-element_type=\"widget\" data-e-type=\"widget\" data-widget_type=\"image.default\">\n\t\t\t\t<div class=\"elementor-widget-container\">\n\t\t\t\t\t\t\t\t\t\t\t\t\t\t\t<img loading=\"lazy\" decoding=\"async\" width=\"375\" height=\"375\" src=\"https:\/\/r3dcustom.com\/wp-content\/uploads\/2021\/05\/pomme-assemblage.jpg\" class=\"elementor-animation-grow attachment-large size-large wp-image-2890\" alt=\"\" srcset=\"https:\/\/r3dcustom.com\/wp-content\/uploads\/2021\/05\/pomme-assemblage.jpg 375w, https:\/\/r3dcustom.com\/wp-content\/uploads\/2021\/05\/pomme-assemblage-300x300.jpg 300w, https:\/\/r3dcustom.com\/wp-content\/uploads\/2021\/05\/pomme-assemblage-150x150.jpg 150w\" sizes=\"(max-width: 375px) 100vw, 375px\" \/>\t\t\t\t\t\t\t\t\t\t\t\t\t\t\t<\/div>\n\t\t\t\t<\/div>\n\t\t\t\t\t<\/div>\n\t\t<\/div>\n\t\t\t\t\t<\/div>\n\t\t<\/section>\n\t\t\t\t<section class=\"elementor-section elementor-top-section elementor-element elementor-element-16984426 elementor-section-content-middle elementor-section-boxed elementor-section-height-default elementor-section-height-default\" data-id=\"16984426\" data-element_type=\"section\" data-e-type=\"section\" data-settings=\"{&quot;background_background&quot;:&quot;classic&quot;}\">\n\t\t\t\t\t\t<div class=\"elementor-container elementor-column-gap-no\">\n\t\t\t\t\t<div class=\"elementor-column elementor-col-33 elementor-top-column elementor-element elementor-element-397e32f1\" data-id=\"397e32f1\" data-element_type=\"column\" data-e-type=\"column\">\n\t\t\t<div class=\"elementor-widget-wrap elementor-element-populated\">\n\t\t\t\t\t\t<div class=\"elementor-element elementor-element-1e6f75b0 elementor-widget elementor-widget-heading\" data-id=\"1e6f75b0\" data-element_type=\"widget\" data-e-type=\"widget\" data-widget_type=\"heading.default\">\n\t\t\t\t<div class=\"elementor-widget-container\">\n\t\t\t\t\t<h3 class=\"elementor-heading-title elementor-size-default\">\nOur Partner: La Fonderie Guyot Creste<\/h3>\t\t\t\t<\/div>\n\t\t\t\t<\/div>\n\t\t\t\t<div class=\"elementor-element elementor-element-3dd2a924 elementor-widget elementor-widget-image\" data-id=\"3dd2a924\" data-element_type=\"widget\" data-e-type=\"widget\" data-widget_type=\"image.default\">\n\t\t\t\t<div class=\"elementor-widget-container\">\n\t\t\t\t\t\t\t\t\t\t\t\t\t\t\t<img loading=\"lazy\" decoding=\"async\" width=\"208\" height=\"480\" src=\"https:\/\/r3dcustom.com\/wp-content\/uploads\/2021\/05\/IMG_0589.jpg\" class=\"elementor-animation-grow attachment-large size-large wp-image-2885\" alt=\"\" srcset=\"https:\/\/r3dcustom.com\/wp-content\/uploads\/2021\/05\/IMG_0589.jpg 208w, https:\/\/r3dcustom.com\/wp-content\/uploads\/2021\/05\/IMG_0589-130x300.jpg 130w\" sizes=\"(max-width: 208px) 100vw, 208px\" \/>\t\t\t\t\t\t\t\t\t\t\t\t\t\t\t<\/div>\n\t\t\t\t<\/div>\n\t\t\t\t\t<\/div>\n\t\t<\/div>\n\t\t\t\t<div class=\"elementor-column elementor-col-33 elementor-top-column elementor-element elementor-element-5f9bd7ba\" data-id=\"5f9bd7ba\" data-element_type=\"column\" data-e-type=\"column\">\n\t\t\t<div class=\"elementor-widget-wrap elementor-element-populated\">\n\t\t\t\t\t\t<div class=\"elementor-element elementor-element-6154ebe4 elementor-widget elementor-widget-image\" data-id=\"6154ebe4\" data-element_type=\"widget\" data-e-type=\"widget\" data-widget_type=\"image.default\">\n\t\t\t\t<div class=\"elementor-widget-container\">\n\t\t\t\t\t\t\t\t\t\t\t\t\t\t\t<img loading=\"lazy\" decoding=\"async\" width=\"524\" height=\"1024\" src=\"https:\/\/r3dcustom.com\/wp-content\/uploads\/2021\/05\/IMG_0790-524x1024.jpg\" class=\"elementor-animation-grow attachment-large size-large wp-image-2888\" alt=\"ciselure\" srcset=\"https:\/\/r3dcustom.com\/wp-content\/uploads\/2021\/05\/IMG_0790-524x1024.jpg 524w, https:\/\/r3dcustom.com\/wp-content\/uploads\/2021\/05\/IMG_0790-153x300.jpg 153w, https:\/\/r3dcustom.com\/wp-content\/uploads\/2021\/05\/IMG_0790-768x1502.jpg 768w, https:\/\/r3dcustom.com\/wp-content\/uploads\/2021\/05\/IMG_0790-786x1536.jpg 786w, https:\/\/r3dcustom.com\/wp-content\/uploads\/2021\/05\/IMG_0790.jpg 982w\" sizes=\"(max-width: 524px) 100vw, 524px\" \/>\t\t\t\t\t\t\t\t\t\t\t\t\t\t\t<\/div>\n\t\t\t\t<\/div>\n\t\t\t\t<div class=\"elementor-element elementor-element-e2066b4 elementor-widget elementor-widget-text-editor\" data-id=\"e2066b4\" data-element_type=\"widget\" data-e-type=\"widget\" data-widget_type=\"text-editor.default\">\n\t\t\t\t<div class=\"elementor-widget-container\">\n\t\t\t\t\t\t\t\t\t<p class=\" translation-block\">La Fonderie Guyot Creste, based in Golfe-Juan, is highly experienced with this process. We\u2019ve entrusted several pieces to Yannick, the Manager, who has brilliantly transformed them into bronze. His expertise and experience allow us to offer high-quality bronze pieces with exceptional patinas.<\/p>\t\t\t\t\t\t\t\t<\/div>\n\t\t\t\t<\/div>\n\t\t\t\t\t<\/div>\n\t\t<\/div>\n\t\t\t\t<div class=\"elementor-column elementor-col-33 elementor-top-column elementor-element elementor-element-15c9b3b0\" data-id=\"15c9b3b0\" data-element_type=\"column\" data-e-type=\"column\">\n\t\t\t<div class=\"elementor-widget-wrap elementor-element-populated\">\n\t\t\t\t\t\t<div class=\"elementor-element elementor-element-53788972 elementor-widget elementor-widget-image\" data-id=\"53788972\" data-element_type=\"widget\" data-e-type=\"widget\" data-widget_type=\"image.default\">\n\t\t\t\t<div class=\"elementor-widget-container\">\n\t\t\t\t\t\t\t\t\t\t\t\t\t\t\t<img loading=\"lazy\" decoding=\"async\" width=\"429\" height=\"480\" src=\"https:\/\/r3dcustom.com\/wp-content\/uploads\/2021\/05\/IMG_0808.jpg\" class=\"elementor-animation-grow attachment-large size-large wp-image-2894\" alt=\"pomme\" srcset=\"https:\/\/r3dcustom.com\/wp-content\/uploads\/2021\/05\/IMG_0808.jpg 429w, https:\/\/r3dcustom.com\/wp-content\/uploads\/2021\/05\/IMG_0808-268x300.jpg 268w\" sizes=\"(max-width: 429px) 100vw, 429px\" \/>\t\t\t\t\t\t\t\t\t\t\t\t\t\t\t<\/div>\n\t\t\t\t<\/div>\n\t\t\t\t\t<\/div>\n\t\t<\/div>\n\t\t\t\t\t<\/div>\n\t\t<\/section>\n\t\t\t\t<\/div>","protected":false},"excerpt":{"rendered":"<p>Le bronze !Pour des pi\u00e8ces solides et durables ! Artiste: C\u00e9cile Dekock R3D Custom vous propose de convertir ou d&rsquo;imaginer n&rsquo;importe quels objets en bronze ! Notre service de mod\u00e9lisation s&rsquo;appuyant sur les derni\u00e8res technologies de scanner 3d, et de photogramm\u00e9trie, nous permet de cr\u00e9er une image 3d de tous types objets. Il nous est&#8230;<\/p>","protected":false},"author":1,"featured_media":0,"parent":0,"menu_order":0,"comment_status":"closed","ping_status":"closed","template":"","meta":{"_mi_skip_tracking":false,"_monsterinsights_sitenote_active":false,"_monsterinsights_sitenote_note":"","_monsterinsights_sitenote_category":0,"_kad_post_transparent":"","_kad_post_title":"hide","_kad_post_layout":"fullwidth","_kad_post_sidebar_id":"","_kad_post_content_style":"unboxed","_kad_post_vertical_padding":"hide","_kad_post_feature":"hide","_kad_post_feature_position":"","_kad_post_header":false,"_kad_post_footer":false,"footnotes":""},"class_list":["post-2877","page","type-page","status-publish","hentry"],"yoast_head":"<!-- This site is optimized with the Yoast SEO plugin v27.5 - https:\/\/yoast.com\/product\/yoast-seo-wordpress\/ -->\n<title>Le Bronze - r3dcustom.com<\/title>\n<meta name=\"description\" content=\"Soci\u00e9t\u00e9 de Design et d&#039;Impression 3d capable de tout transformer en bronze !!! Venez d\u00e9couvrir nos r\u00e9alisations !\" \/>\n<meta name=\"robots\" content=\"index, follow, max-snippet:-1, max-image-preview:large, max-video-preview:-1\" \/>\n<link rel=\"canonical\" href=\"https:\/\/r3dcustom.com\/en\/le-bronze\/\" \/>\n<meta property=\"og:locale\" content=\"en_US\" \/>\n<meta property=\"og:type\" content=\"article\" \/>\n<meta property=\"og:title\" content=\"Le Bronze - r3dcustom.com\" \/>\n<meta property=\"og:description\" content=\"Soci\u00e9t\u00e9 de Design et d&#039;Impression 3d capable de tout transformer en bronze !!! Venez d\u00e9couvrir nos r\u00e9alisations !\" \/>\n<meta property=\"og:url\" content=\"https:\/\/r3dcustom.com\/en\/le-bronze\/\" \/>\n<meta property=\"og:site_name\" content=\"r3dcustom.com\" \/>\n<meta property=\"article:publisher\" content=\"https:\/\/www.facebook.com\/R3D-custom-101041727947208\" \/>\n<meta property=\"article:modified_time\" content=\"2022-08-28T19:39:23+00:00\" \/>\n<meta property=\"og:image\" content=\"https:\/\/r3dcustom.com\/wp-content\/uploads\/2021\/05\/IMG_0808-1.jpg\" \/>\n<meta name=\"twitter:card\" content=\"summary_large_image\" \/>\n<meta name=\"twitter:label1\" content=\"Est. reading time\" \/>\n\t<meta name=\"twitter:data1\" content=\"3 minutes\" \/>\n<script type=\"application\/ld+json\" class=\"yoast-schema-graph\">{\"@context\":\"https:\\\/\\\/schema.org\",\"@graph\":[{\"@type\":\"WebPage\",\"@id\":\"https:\\\/\\\/r3dcustom.com\\\/le-bronze\\\/\",\"url\":\"https:\\\/\\\/r3dcustom.com\\\/le-bronze\\\/\",\"name\":\"Le Bronze - r3dcustom.com\",\"isPartOf\":{\"@id\":\"https:\\\/\\\/r3dcustom.com\\\/#website\"},\"primaryImageOfPage\":{\"@id\":\"https:\\\/\\\/r3dcustom.com\\\/le-bronze\\\/#primaryimage\"},\"image\":{\"@id\":\"https:\\\/\\\/r3dcustom.com\\\/le-bronze\\\/#primaryimage\"},\"thumbnailUrl\":\"https:\\\/\\\/r3dcustom.com\\\/wp-content\\\/uploads\\\/2021\\\/05\\\/IMG_0808-1.jpg\",\"datePublished\":\"2021-05-31T09:31:48+00:00\",\"dateModified\":\"2022-08-28T19:39:23+00:00\",\"description\":\"Soci\u00e9t\u00e9 de Design et d'Impression 3d capable de tout transformer en bronze !!! Venez d\u00e9couvrir nos r\u00e9alisations !\",\"breadcrumb\":{\"@id\":\"https:\\\/\\\/r3dcustom.com\\\/le-bronze\\\/#breadcrumb\"},\"inLanguage\":\"en-US\",\"potentialAction\":[{\"@type\":\"ReadAction\",\"target\":[\"https:\\\/\\\/r3dcustom.com\\\/le-bronze\\\/\"]}]},{\"@type\":\"ImageObject\",\"inLanguage\":\"en-US\",\"@id\":\"https:\\\/\\\/r3dcustom.com\\\/le-bronze\\\/#primaryimage\",\"url\":\"https:\\\/\\\/r3dcustom.com\\\/wp-content\\\/uploads\\\/2021\\\/05\\\/IMG_0808-1.jpg\",\"contentUrl\":\"https:\\\/\\\/r3dcustom.com\\\/wp-content\\\/uploads\\\/2021\\\/05\\\/IMG_0808-1.jpg\"},{\"@type\":\"BreadcrumbList\",\"@id\":\"https:\\\/\\\/r3dcustom.com\\\/le-bronze\\\/#breadcrumb\",\"itemListElement\":[{\"@type\":\"ListItem\",\"position\":1,\"name\":\"Accueil\",\"item\":\"https:\\\/\\\/r3dcustom.com\\\/\"},{\"@type\":\"ListItem\",\"position\":2,\"name\":\"Le Bronze\"}]},{\"@type\":\"WebSite\",\"@id\":\"https:\\\/\\\/r3dcustom.com\\\/#website\",\"url\":\"https:\\\/\\\/r3dcustom.com\\\/\",\"name\":\"r3dcustom\",\"description\":\"Impression 3D, Design\",\"publisher\":{\"@id\":\"https:\\\/\\\/r3dcustom.com\\\/#organization\"},\"potentialAction\":[{\"@type\":\"SearchAction\",\"target\":{\"@type\":\"EntryPoint\",\"urlTemplate\":\"https:\\\/\\\/r3dcustom.com\\\/?s={search_term_string}\"},\"query-input\":{\"@type\":\"PropertyValueSpecification\",\"valueRequired\":true,\"valueName\":\"search_term_string\"}}],\"inLanguage\":\"en-US\"},{\"@type\":\"Organization\",\"@id\":\"https:\\\/\\\/r3dcustom.com\\\/#organization\",\"name\":\"r3dcustom\",\"url\":\"https:\\\/\\\/r3dcustom.com\\\/\",\"logo\":{\"@type\":\"ImageObject\",\"inLanguage\":\"en-US\",\"@id\":\"https:\\\/\\\/r3dcustom.com\\\/#\\\/schema\\\/logo\\\/image\\\/\",\"url\":\"\",\"contentUrl\":\"\",\"caption\":\"r3dcustom\"},\"image\":{\"@id\":\"https:\\\/\\\/r3dcustom.com\\\/#\\\/schema\\\/logo\\\/image\\\/\"},\"sameAs\":[\"https:\\\/\\\/www.facebook.com\\\/R3D-custom-101041727947208\",\"https:\\\/\\\/www.instagram.com\\\/r3d_custom\\\/\"]}]}<\/script>\n<!-- \/ Yoast SEO plugin. -->","yoast_head_json":{"title":"Le Bronze - r3dcustom.com","description":"Soci\u00e9t\u00e9 de Design et d'Impression 3d capable de tout transformer en bronze !!! Venez d\u00e9couvrir nos r\u00e9alisations !","robots":{"index":"index","follow":"follow","max-snippet":"max-snippet:-1","max-image-preview":"max-image-preview:large","max-video-preview":"max-video-preview:-1"},"canonical":"https:\/\/r3dcustom.com\/en\/le-bronze\/","og_locale":"en_US","og_type":"article","og_title":"Le Bronze - r3dcustom.com","og_description":"Soci\u00e9t\u00e9 de Design et d'Impression 3d capable de tout transformer en bronze !!! Venez d\u00e9couvrir nos r\u00e9alisations !","og_url":"https:\/\/r3dcustom.com\/en\/le-bronze\/","og_site_name":"r3dcustom.com","article_publisher":"https:\/\/www.facebook.com\/R3D-custom-101041727947208","article_modified_time":"2022-08-28T19:39:23+00:00","og_image":[{"url":"https:\/\/r3dcustom.com\/wp-content\/uploads\/2021\/05\/IMG_0808-1.jpg","type":"","width":"","height":""}],"twitter_card":"summary_large_image","twitter_misc":{"Est. reading time":"3 minutes"},"schema":{"@context":"https:\/\/schema.org","@graph":[{"@type":"WebPage","@id":"https:\/\/r3dcustom.com\/le-bronze\/","url":"https:\/\/r3dcustom.com\/le-bronze\/","name":"Le Bronze - r3dcustom.com","isPartOf":{"@id":"https:\/\/r3dcustom.com\/#website"},"primaryImageOfPage":{"@id":"https:\/\/r3dcustom.com\/le-bronze\/#primaryimage"},"image":{"@id":"https:\/\/r3dcustom.com\/le-bronze\/#primaryimage"},"thumbnailUrl":"https:\/\/r3dcustom.com\/wp-content\/uploads\/2021\/05\/IMG_0808-1.jpg","datePublished":"2021-05-31T09:31:48+00:00","dateModified":"2022-08-28T19:39:23+00:00","description":"Soci\u00e9t\u00e9 de Design et d'Impression 3d capable de tout transformer en bronze !!! Venez d\u00e9couvrir nos r\u00e9alisations !","breadcrumb":{"@id":"https:\/\/r3dcustom.com\/le-bronze\/#breadcrumb"},"inLanguage":"en-US","potentialAction":[{"@type":"ReadAction","target":["https:\/\/r3dcustom.com\/le-bronze\/"]}]},{"@type":"ImageObject","inLanguage":"en-US","@id":"https:\/\/r3dcustom.com\/le-bronze\/#primaryimage","url":"https:\/\/r3dcustom.com\/wp-content\/uploads\/2021\/05\/IMG_0808-1.jpg","contentUrl":"https:\/\/r3dcustom.com\/wp-content\/uploads\/2021\/05\/IMG_0808-1.jpg"},{"@type":"BreadcrumbList","@id":"https:\/\/r3dcustom.com\/le-bronze\/#breadcrumb","itemListElement":[{"@type":"ListItem","position":1,"name":"Accueil","item":"https:\/\/r3dcustom.com\/"},{"@type":"ListItem","position":2,"name":"Le Bronze"}]},{"@type":"WebSite","@id":"https:\/\/r3dcustom.com\/#website","url":"https:\/\/r3dcustom.com\/","name":"r3dcustom","description":"Impression 3D, Design","publisher":{"@id":"https:\/\/r3dcustom.com\/#organization"},"potentialAction":[{"@type":"SearchAction","target":{"@type":"EntryPoint","urlTemplate":"https:\/\/r3dcustom.com\/?s={search_term_string}"},"query-input":{"@type":"PropertyValueSpecification","valueRequired":true,"valueName":"search_term_string"}}],"inLanguage":"en-US"},{"@type":"Organization","@id":"https:\/\/r3dcustom.com\/#organization","name":"r3dcustom","url":"https:\/\/r3dcustom.com\/","logo":{"@type":"ImageObject","inLanguage":"en-US","@id":"https:\/\/r3dcustom.com\/#\/schema\/logo\/image\/","url":"","contentUrl":"","caption":"r3dcustom"},"image":{"@id":"https:\/\/r3dcustom.com\/#\/schema\/logo\/image\/"},"sameAs":["https:\/\/www.facebook.com\/R3D-custom-101041727947208","https:\/\/www.instagram.com\/r3d_custom\/"]}]}},"_links":{"self":[{"href":"https:\/\/r3dcustom.com\/en\/wp-json\/wp\/v2\/pages\/2877","targetHints":{"allow":["GET"]}}],"collection":[{"href":"https:\/\/r3dcustom.com\/en\/wp-json\/wp\/v2\/pages"}],"about":[{"href":"https:\/\/r3dcustom.com\/en\/wp-json\/wp\/v2\/types\/page"}],"author":[{"embeddable":true,"href":"https:\/\/r3dcustom.com\/en\/wp-json\/wp\/v2\/users\/1"}],"replies":[{"embeddable":true,"href":"https:\/\/r3dcustom.com\/en\/wp-json\/wp\/v2\/comments?post=2877"}],"version-history":[{"count":88,"href":"https:\/\/r3dcustom.com\/en\/wp-json\/wp\/v2\/pages\/2877\/revisions"}],"predecessor-version":[{"id":3578,"href":"https:\/\/r3dcustom.com\/en\/wp-json\/wp\/v2\/pages\/2877\/revisions\/3578"}],"wp:attachment":[{"href":"https:\/\/r3dcustom.com\/en\/wp-json\/wp\/v2\/media?parent=2877"}],"curies":[{"name":"wp","href":"https:\/\/api.w.org\/{rel}","templated":true}]}}